{"id":384,"date":"2025-04-15T14:41:12","date_gmt":"2025-04-15T12:41:12","guid":{"rendered":"https:\/\/tvs.digitalvision.lu\/mentions-legales\/"},"modified":"2025-04-23T08:20:29","modified_gmt":"2025-04-23T06:20:29","slug":"impressum","status":"publish","type":"page","link":"https:\/\/tvs.digitalvision.lu\/de\/impressum\/","title":{"rendered":"Impressum"},"content":{"rendered":"<h3>VERANTWORTLICHER HERAUSGEBER<\/h3>\n<p>Kraidergenossenschaft<br \/>\nNaturpark Uewersauer<br \/>\nAssociation agricole<\/p>\n<p>35, Duerfstrooss |\u00a0L-9696 Winseler<br \/>\nT\u00e9l.\u00a0+352 26 95 30 72<br \/>\nFax\u00a0+352 26 95 30 76<br \/>\n<a href=\"mailto:info@teivumsei.lu\">info@teivumsei.lu<\/a><\/p>\n<h3>COPYRIGHT<\/h3>\n<p>\u00a9 2015 \u200bT\u00e9i vum S\u00e9i &amp; SAN\u00a0\u2013 Creative Studio \/\u00a0Sandro Dimola, alle Rechte vorbehalten.<\/p>\n<p>Fotos &amp; Illustrationen: \u00a9 \u200bT\u00e9i vum S\u00e9i &amp; SAN\u00a0\u2013 Creative Studio \/\u00a0Sandro Dimola.<\/p>\n<p>Die gesamte Internetseite unterliegt den anwendbaren Gesetzen in Bezug auf Urheberrecht und geistiges Eigentum. Alle Texte, Illustrationen und andere Inhalte sind urheberrechtlich gesch\u00fctzt und jede Vervielf\u00e4ltigung ist strikt untersagt.<\/p>\n<h3>REALISIERUNG<\/h3>\n<p>AEDES IT S.\u00e0.r.l.<\/p>\n<p>Am Hock, 4<br \/>\n9991 Weiswampach<br \/>\nLuxemburg<br \/>\n<a href=\"http:\/\/www.aedesit.com\/\">http:\/\/www.aedesit.com<\/a><br \/>\nVAT ID: LU 26523616<\/p>\n<h3>WEB DESIGN<\/h3>\n<p>SAN S.\u00e0r.l. \u2013 Agence de communication<\/p>\n<p>9, Kapellestrooss<br \/>\n9780 Wincrange<br \/>\nLuxemburg<br \/>\nTel.: +352 \/ 28 11 42-1<br \/>\n<a href=\"http:\/\/www.san.lu\/\">http:\/\/www.san.lu\/<\/a><br \/>\nVAT ID: LU 23210683<\/p>\n<h3>WEB HOSTING \/ DATACENTER<\/h3>\n<p>SAS OVH<\/p>\n<p>Rue Kellermann, 2<br \/>\n59100 Roubaix<br \/>\nFrankreich<br \/>\nVAT ID: FR 22 424 761 419<br \/>\n<a href=\"https:\/\/www.ovh.com\/fr\/support\/documents_legaux\">https:\/\/www.ovh.com\/<\/a><\/p>\n<h1>ANWENDUNGSBEREICH<\/h1>\n<p>Unbeschadet spezifischer Bedingungen, deren Anwendung auf einige Teile dieser Internetseite beschr\u00e4nkt ist, finden diese Bedingungen auf die gesamte Internetseite URLSite Anwendung.<\/p>\n<h3>HAFTUNGSAUSSCHLUSS<\/h3>\n<p>\u00dcber diese Internetseite erhalten Sie Informationen \u00fcber T\u00e9i vum S\u00e9i, ihre Dienstleistungen, ihre laufenden Projekte, u. a.. Alle Informationen auf dieser Internetseite werden Ihnen ausschlie\u00dflich zu Informationszwecken zur Verf\u00fcgung gestellt.<br \/>\nT\u00e9i vum S\u00e9i versucht zu gew\u00e4hrleisten, dass der Inhalt dieser Internetseite zutreffend und regelm\u00e4\u00dfig aktualisiert wird. T\u00e9i vum S\u00e9i kann jedoch nicht die Richtigkeit, Zuverl\u00e4ssigkeit, Zweckm\u00e4\u00dfigkeit, Vollst\u00e4ndigkeit und Aktualit\u00e4t dieser Internetseite garantieren. T\u00e9i vum S\u00e9i kann unter keinen Umst\u00e4nden f\u00fcr jedweden Schaden gleich welcher Art haftbar gemacht werden, der aufgrund des Zugangs oder der Nutzung dieser Internetseite oder ihres Inhalts entstanden ist.<\/p>\n<h3>GEISTIGE EIGENTUMSRECHTE<\/h3>\n<p>T\u00e9i vum S\u00e9i genie\u00dft den ausschlie\u00dflichen urheberrechtlichen Schutz in Bezug auf die Gestaltung und den Inhalt dieser Internetseite und\/oder den Newsletter. Es ist strengstens untersagt diese Internetseite und\/oder die Newsletter, in welcher Form auch immer, ganz oder teilweise zu kopieren oder deren Inhalt zu anderen Zwecken zu gebrauchen ohne die vorherige schriftliche Zustimmung von T\u00e9i vum S\u00e9i.<\/p>\n<h3>LINKS ZU ANDEREN INTERNETSEITEN<\/h3>\n<p>Verweise (\u201eHyperlinks\u201c) auf Internetseiten Dritter, die auf dieser Internetseite zu finden sind, dienen lediglich Ihrer Erleichterung. Sollten Sie entscheiden, diese Hyperlinks zu nutzen, verlassen Sie diese Internetseite. T\u00e9i vum S\u00e9i kann keinesfalls f\u00fcr Inhalte von Internetseiten Dritter haftbar gemacht werden.<\/p>\n<h3>ANWENDBARES RECHT UND GERICHTSSTAND<\/h3>\n<p>Ihr Zugang zu dieser Internetseite und Ihre Nutzung dieser Internetseite unterliegen dem Recht des Landes, in dem sich der Gesellschaftssitz der T\u00e9i vum S\u00e9i befindet. Die zust\u00e4ndigen Gerichte am Ort des Gesellschaftssitzes der T\u00e9i vum S\u00e9i sind ausschlie\u00dflich zust\u00e4ndig f\u00fcr alle Streitigkeiten in Bezug auf den Zugang zu dieser Internetseite und die Nutzung dieser Internetseite.<\/p>\n","protected":false},"excerpt":{"rendered":"<p>VERANTWORTLICHER HERAUSGEBER Kraidergenossenschaft Naturpark Uewersauer Association agricole 35, Duerfstrooss |\u00a0L-9696 Winseler T\u00e9l.\u00a0+352 26 95 30 72 Fax\u00a0+352 26 95 30 76 info@teivumsei.lu COPYRIGHT \u00a9 2015 \u200bT\u00e9i vum S\u00e9i &amp; SAN\u00a0\u2013 Creative Studio \/\u00a0Sandro Dimola, alle Rechte vorbehalten. Fotos &amp; Illustrationen: \u00a9 \u200bT\u00e9i vum S\u00e9i &amp; SAN\u00a0\u2013 Creative Studio \/\u00a0Sandro Dimola. Die gesamte Internetseite unterliegt den [&hellip;]<\/p>\n","protected":false},"author":1,"featured_media":0,"parent":0,"menu_order":0,"comment_status":"closed","ping_status":"closed","template":"","meta":{"_acf_changed":false,"footnotes":""},"class_list":["post-384","page","type-page","status-publish","hentry"],"acf":[],"yoast_head":"<!-- This site is optimized with the Yoast SEO plugin v24.8.1 - https:\/\/yoast.com\/wordpress\/plugins\/seo\/ -->\n<title>Impressum - T\u00e9i Vum S\u00e9i<\/title>\n<meta name=\"robots\" content=\"index, follow, max-snippet:-1, max-image-preview:large, max-video-preview:-1\" \/>\n<link rel=\"canonical\" href=\"https:\/\/tvs.digitalvision.lu\/fr\/mentions-legales\/\" \/>\n<meta property=\"og:locale\" content=\"de_DE\" \/>\n<meta property=\"og:type\" content=\"article\" \/>\n<meta property=\"og:title\" content=\"Impressum - T\u00e9i Vum S\u00e9i\" \/>\n<meta property=\"og:description\" content=\"VERANTWORTLICHER HERAUSGEBER Kraidergenossenschaft Naturpark Uewersauer Association agricole 35, Duerfstrooss |\u00a0L-9696 Winseler T\u00e9l.\u00a0+352 26 95 30 72 Fax\u00a0+352 26 95 30 76 info@teivumsei.lu COPYRIGHT \u00a9 2015 \u200bT\u00e9i vum S\u00e9i &amp; SAN\u00a0\u2013 Creative Studio \/\u00a0Sandro Dimola, alle Rechte vorbehalten. Fotos &amp; Illustrationen: \u00a9 \u200bT\u00e9i vum S\u00e9i &amp; SAN\u00a0\u2013 Creative Studio \/\u00a0Sandro Dimola. Die gesamte Internetseite unterliegt den [&hellip;]\" \/>\n<meta property=\"og:url\" content=\"https:\/\/tvs.digitalvision.lu\/fr\/mentions-legales\/\" \/>\n<meta property=\"og:site_name\" content=\"T\u00e9i Vum S\u00e9i\" \/>\n<meta property=\"article:modified_time\" content=\"2025-04-23T06:20:29+00:00\" \/>\n<meta name=\"twitter:card\" content=\"summary_large_image\" \/>\n<meta name=\"twitter:label1\" content=\"Gesch\u00e4tzte Lesezeit\" \/>\n\t<meta name=\"twitter:data1\" content=\"3\u00a0Minuten\" \/>\n<script type=\"application\/ld+json\" class=\"yoast-schema-graph\">{\"@context\":\"https:\/\/schema.org\",\"@graph\":[{\"@type\":\"WebPage\",\"@id\":\"https:\/\/tvs.digitalvision.lu\/fr\/mentions-legales\/\",\"url\":\"https:\/\/tvs.digitalvision.lu\/fr\/mentions-legales\/\",\"name\":\"Impressum - T\u00e9i Vum S\u00e9i\",\"isPartOf\":{\"@id\":\"https:\/\/tvs.digitalvision.lu\/fr\/#website\"},\"datePublished\":\"2025-04-15T12:41:12+00:00\",\"dateModified\":\"2025-04-23T06:20:29+00:00\",\"breadcrumb\":{\"@id\":\"https:\/\/tvs.digitalvision.lu\/fr\/mentions-legales\/#breadcrumb\"},\"inLanguage\":\"de\",\"potentialAction\":[{\"@type\":\"ReadAction\",\"target\":[\"https:\/\/tvs.digitalvision.lu\/fr\/mentions-legales\/\"]}]},{\"@type\":\"BreadcrumbList\",\"@id\":\"https:\/\/tvs.digitalvision.lu\/fr\/mentions-legales\/#breadcrumb\",\"itemListElement\":[{\"@type\":\"ListItem\",\"position\":1,\"name\":\"Home\",\"item\":\"https:\/\/tvs.digitalvision.lu\/de\/\"},{\"@type\":\"ListItem\",\"position\":2,\"name\":\"Impressum\"}]},{\"@type\":\"WebSite\",\"@id\":\"https:\/\/tvs.digitalvision.lu\/fr\/#website\",\"url\":\"https:\/\/tvs.digitalvision.lu\/fr\/\",\"name\":\"T\u00e9i Vum S\u00e9i\",\"description\":\"\",\"potentialAction\":[{\"@type\":\"SearchAction\",\"target\":{\"@type\":\"EntryPoint\",\"urlTemplate\":\"https:\/\/tvs.digitalvision.lu\/fr\/?s={search_term_string}\"},\"query-input\":{\"@type\":\"PropertyValueSpecification\",\"valueRequired\":true,\"valueName\":\"search_term_string\"}}],\"inLanguage\":\"de\"}]}<\/script>\n<!-- \/ Yoast SEO plugin. -->","yoast_head_json":{"title":"Impressum - T\u00e9i Vum S\u00e9i","robots":{"index":"index","follow":"follow","max-snippet":"max-snippet:-1","max-image-preview":"max-image-preview:large","max-video-preview":"max-video-preview:-1"},"canonical":"https:\/\/tvs.digitalvision.lu\/fr\/mentions-legales\/","og_locale":"de_DE","og_type":"article","og_title":"Impressum - T\u00e9i Vum S\u00e9i","og_description":"VERANTWORTLICHER HERAUSGEBER Kraidergenossenschaft Naturpark Uewersauer Association agricole 35, Duerfstrooss |\u00a0L-9696 Winseler T\u00e9l.\u00a0+352 26 95 30 72 Fax\u00a0+352 26 95 30 76 info@teivumsei.lu COPYRIGHT \u00a9 2015 \u200bT\u00e9i vum S\u00e9i &amp; SAN\u00a0\u2013 Creative Studio \/\u00a0Sandro Dimola, alle Rechte vorbehalten. Fotos &amp; Illustrationen: \u00a9 \u200bT\u00e9i vum S\u00e9i &amp; SAN\u00a0\u2013 Creative Studio \/\u00a0Sandro Dimola. Die gesamte Internetseite unterliegt den [&hellip;]","og_url":"https:\/\/tvs.digitalvision.lu\/fr\/mentions-legales\/","og_site_name":"T\u00e9i Vum S\u00e9i","article_modified_time":"2025-04-23T06:20:29+00:00","twitter_card":"summary_large_image","twitter_misc":{"Gesch\u00e4tzte Lesezeit":"3\u00a0Minuten"},"schema":{"@context":"https:\/\/schema.org","@graph":[{"@type":"WebPage","@id":"https:\/\/tvs.digitalvision.lu\/fr\/mentions-legales\/","url":"https:\/\/tvs.digitalvision.lu\/fr\/mentions-legales\/","name":"Impressum - T\u00e9i Vum S\u00e9i","isPartOf":{"@id":"https:\/\/tvs.digitalvision.lu\/fr\/#website"},"datePublished":"2025-04-15T12:41:12+00:00","dateModified":"2025-04-23T06:20:29+00:00","breadcrumb":{"@id":"https:\/\/tvs.digitalvision.lu\/fr\/mentions-legales\/#breadcrumb"},"inLanguage":"de","potentialAction":[{"@type":"ReadAction","target":["https:\/\/tvs.digitalvision.lu\/fr\/mentions-legales\/"]}]},{"@type":"BreadcrumbList","@id":"https:\/\/tvs.digitalvision.lu\/fr\/mentions-legales\/#breadcrumb","itemListElement":[{"@type":"ListItem","position":1,"name":"Home","item":"https:\/\/tvs.digitalvision.lu\/de\/"},{"@type":"ListItem","position":2,"name":"Impressum"}]},{"@type":"WebSite","@id":"https:\/\/tvs.digitalvision.lu\/fr\/#website","url":"https:\/\/tvs.digitalvision.lu\/fr\/","name":"T\u00e9i Vum S\u00e9i","description":"","potentialAction":[{"@type":"SearchAction","target":{"@type":"EntryPoint","urlTemplate":"https:\/\/tvs.digitalvision.lu\/fr\/?s={search_term_string}"},"query-input":{"@type":"PropertyValueSpecification","valueRequired":true,"valueName":"search_term_string"}}],"inLanguage":"de"}]}},"_links":{"self":[{"href":"https:\/\/tvs.digitalvision.lu\/de\/wp-json\/wp\/v2\/pages\/384","targetHints":{"allow":["GET"]}}],"collection":[{"href":"https:\/\/tvs.digitalvision.lu\/de\/wp-json\/wp\/v2\/pages"}],"about":[{"href":"https:\/\/tvs.digitalvision.lu\/de\/wp-json\/wp\/v2\/types\/page"}],"author":[{"embeddable":true,"href":"https:\/\/tvs.digitalvision.lu\/de\/wp-json\/wp\/v2\/users\/1"}],"replies":[{"embeddable":true,"href":"https:\/\/tvs.digitalvision.lu\/de\/wp-json\/wp\/v2\/comments?post=384"}],"version-history":[{"count":2,"href":"https:\/\/tvs.digitalvision.lu\/de\/wp-json\/wp\/v2\/pages\/384\/revisions"}],"predecessor-version":[{"id":388,"href":"https:\/\/tvs.digitalvision.lu\/de\/wp-json\/wp\/v2\/pages\/384\/revisions\/388"}],"wp:attachment":[{"href":"https:\/\/tvs.digitalvision.lu\/de\/wp-json\/wp\/v2\/media?parent=384"}],"curies":[{"name":"wp","href":"https:\/\/api.w.org\/{rel}","templated":true}]}}