{"id":84,"date":"2025-04-15T14:41:12","date_gmt":"2025-04-15T12:41:12","guid":{"rendered":"https:\/\/tvs.digitalvision.lu\/?page_id=84"},"modified":"2025-04-15T14:41:12","modified_gmt":"2025-04-15T12:41:12","slug":"mentions-legales","status":"publish","type":"page","link":"https:\/\/tvs.digitalvision.lu\/fr\/mentions-legales\/","title":{"rendered":"Mentions l\u00e9gales"},"content":{"rendered":"<h3>EDITEUR RESPONSABLE<\/h3>\n<p>Kraidergenossenschaft<br \/>\nNaturpark Uewersauer<br \/>\nAssociation agricole<\/p>\n<p>35, Duerfstrooss |\u00a0L-9696 Winseler<br \/>\nT\u00e9l.\u00a0+352 26 95 30 72<br \/>\nFax\u00a0+352 26 95 30 76<br \/>\n<a href=\"mailto:info@teivumsei.lu\">info@teivumsei.lu<\/a><\/p>\n<h3>COPYRIGHT<\/h3>\n<p>\u00a9 2015 T\u00e9i vum S\u00e9i &amp; SAN\u00a0\u2013 Creative Studio \/\u00a0Sandro Dimola, tous droits r\u00e9serv\u00e9s.<\/p>\n<p>Photos &amp; illustrations: \u00a9 \u200bT\u00e9i vum S\u00e9i &amp; SAN\u00a0\u2013 Creative Studio \/\u00a0Sandro Dimola.<\/p>\n<p>L&rsquo;ensemble de ce site est soumis aux l\u00e9gislations en vigueur sur les droits d&rsquo;auteur et la propri\u00e9t\u00e9 intellectuelle. Tous les textes, illustrations ou autres contenus sont prot\u00e9g\u00e9s par un droit d\u2019auteur et toute reproduction est strictement interdite.<\/p>\n<h3>WEB DESIGN<\/h3>\n<p>SAN S.\u00e0r.l. \u2013 Agence de communication<\/p>\n<p>9, Kapellestrooss<br \/>\n9780 Wincrange<br \/>\nLuxembourg<br \/>\nT\u00e9l.: +352 \/ \u200b28 11 42-1<br \/>\n<a href=\"http:\/\/www.san.lu\/\">http:\/\/www.san.lu\/<\/a><br \/>\nVAT ID: LU 23210683<\/p>\n<h3>REALISATION<\/h3>\n<p>AEDES IT S.\u00e0.r.l.<\/p>\n<p>Am Hock, 4<br \/>\n9991 Weiswampach<br \/>\nLuxembourg<br \/>\n<a href=\"http:\/\/www.aedesit.com\/\">http:\/\/www.aedesit.com<\/a><br \/>\nVAT ID: LU 26523616<\/p>\n<h3>WEB HOSTING \/ DATACENTER<\/h3>\n<p>SAS OVH<\/p>\n<p>Rue Kellermann, 2<br \/>\n59100 Roubaix<br \/>\nFrance<br \/>\nVAT ID: FR 22 424 761 419<br \/>\n<a href=\"https:\/\/www.ovh.com\/fr\/support\/documents_legaux\">https:\/\/www.ovh.com<\/a><\/p>\n<h3>CHAMP D\u2019APPLICATION<\/h3>\n<p>Les pr\u00e9sentes conditions s\u2019appliquent \u00e0 l\u2019ensemble du site URLSite sans pr\u00e9judice des conditions sp\u00e9cifiques qui sont r\u00e9serv\u00e9es \u00e0 certaines parties de ce site.<\/p>\n<h3>DISCLAIMER<\/h3>\n<p>Ce site internet fournit des informations sur T\u00e9i vum S\u00e9i, ses services fournis, ses projets en cours e.a.. L&rsquo;information contenue sur ce site internet est fournie uniquement \u00e0 titre informatif. T\u00e9i vum S\u00e9i essaie de s\u2019assurer que le contenu de ce site internet est correct et r\u00e9guli\u00e8rement mis \u00e0 jour. Toutefois, \u200bT\u00e9i vum S\u00e9i ne garantit pas le caract\u00e8re exact, fiable, ad\u00e9quat, complet et \u00e0 jour du contenu de ce site internet. T\u00e9i vum S\u00e9i ne pourra en aucun cas \u00eatre tenu responsable pour quelque dommage que ce soit survenant de l&rsquo;acc\u00e8s \u00e0 ou de l&rsquo;utilisation de ce site internet ou de son contenu.<\/p>\n<h3>DROITS DE PROPRIETE INTELLECTUELLE<\/h3>\n<p>T\u00e9i vum S\u00e9i est prot\u00e9g\u00e9 par les droits d\u2019auteur en ce qui concerne la maquette et le contenu de ce site internet et\/ou de ces lettres d\u2019information. Toute reproduction ou adaptation totale ou partielle de ce site internet et\/ou de ces lettres d\u2019information, quelle que soit la forme et quelle que soit l\u2019utilisation, est strictement interdite sans l\u2019accord pr\u00e9alable et \u00e9crit de \u200bT\u00e9i vum S\u00e9i.<\/p>\n<h3>LIENS VERS D\u2019AUTRES SITES<\/h3>\n<p>Les hyperliens vers des sites internet de tiers disponibles sur ce site internet sont fournis pour votre facilit\u00e9. Si vous d\u00e9cidez d&rsquo;utiliser ces liens, vous quitterez ce site internet. T\u00e9i vum S\u00e9i ne peut \u00eatre tenu responsable du contenu des sites internet de tiers.<\/p>\n<h3>DROIT APPLICABLE ET JURIDICTIONS COMPETENTES<\/h3>\n<p>Votre acc\u00e8s et utilisation de ce site internet sont r\u00e9gis par le droit du pays dans lequel \u200bT\u00e9i vum S\u00e9i est situ\u00e9. Les tribunaux comp\u00e9tents du si\u00e8ge social de \u200bT\u00e9i vum S\u00e9i sont seuls comp\u00e9tents pour toute dispute li\u00e9e \u00e0 l&rsquo;acc\u00e8s ou \u00e0 l&rsquo;utilisation de ce site internet.<\/p>\n","protected":false},"excerpt":{"rendered":"<p>EDITEUR RESPONSABLE Kraidergenossenschaft Naturpark Uewersauer Association agricole 35, Duerfstrooss |\u00a0L-9696 Winseler T\u00e9l.\u00a0+352 26 95 30 72 Fax\u00a0+352 26 95 30 76 info@teivumsei.lu COPYRIGHT \u00a9 2015 T\u00e9i vum S\u00e9i &amp; SAN\u00a0\u2013 Creative Studio \/\u00a0Sandro Dimola, tous droits r\u00e9serv\u00e9s. Photos &amp; illustrations: \u00a9 \u200bT\u00e9i vum S\u00e9i &amp; SAN\u00a0\u2013 Creative Studio \/\u00a0Sandro Dimola. L&rsquo;ensemble de ce site est [&hellip;]<\/p>\n","protected":false},"author":1,"featured_media":0,"parent":0,"menu_order":0,"comment_status":"closed","ping_status":"closed","template":"","meta":{"_acf_changed":false,"footnotes":""},"class_list":["post-84","page","type-page","status-publish","hentry"],"acf":[],"yoast_head":"<!-- This site is optimized with the Yoast SEO plugin v24.8.1 - https:\/\/yoast.com\/wordpress\/plugins\/seo\/ -->\n<title>Mentions l\u00e9gales - T\u00e9i Vum S\u00e9i<\/title>\n<meta name=\"robots\" content=\"index, follow, max-snippet:-1, max-image-preview:large, max-video-preview:-1\" \/>\n<link rel=\"canonical\" href=\"https:\/\/tvs.digitalvision.lu\/fr\/mentions-legales\/\" \/>\n<meta property=\"og:locale\" content=\"fr_FR\" \/>\n<meta property=\"og:type\" content=\"article\" \/>\n<meta property=\"og:title\" content=\"Mentions l\u00e9gales - T\u00e9i Vum S\u00e9i\" \/>\n<meta property=\"og:description\" content=\"EDITEUR RESPONSABLE Kraidergenossenschaft Naturpark Uewersauer Association agricole 35, Duerfstrooss |\u00a0L-9696 Winseler T\u00e9l.\u00a0+352 26 95 30 72 Fax\u00a0+352 26 95 30 76 info@teivumsei.lu COPYRIGHT \u00a9 2015 T\u00e9i vum S\u00e9i &amp; SAN\u00a0\u2013 Creative Studio \/\u00a0Sandro Dimola, tous droits r\u00e9serv\u00e9s. Photos &amp; illustrations: \u00a9 \u200bT\u00e9i vum S\u00e9i &amp; SAN\u00a0\u2013 Creative Studio \/\u00a0Sandro Dimola. L&rsquo;ensemble de ce site est [&hellip;]\" \/>\n<meta property=\"og:url\" content=\"https:\/\/tvs.digitalvision.lu\/fr\/mentions-legales\/\" \/>\n<meta property=\"og:site_name\" content=\"T\u00e9i Vum S\u00e9i\" \/>\n<meta name=\"twitter:card\" content=\"summary_large_image\" \/>\n<meta name=\"twitter:label1\" content=\"Dur\u00e9e de lecture estim\u00e9e\" \/>\n\t<meta name=\"twitter:data1\" content=\"3 minutes\" \/>\n<script type=\"application\/ld+json\" class=\"yoast-schema-graph\">{\"@context\":\"https:\/\/schema.org\",\"@graph\":[{\"@type\":\"WebPage\",\"@id\":\"https:\/\/tvs.digitalvision.lu\/fr\/mentions-legales\/\",\"url\":\"https:\/\/tvs.digitalvision.lu\/fr\/mentions-legales\/\",\"name\":\"Mentions l\u00e9gales - T\u00e9i Vum S\u00e9i\",\"isPartOf\":{\"@id\":\"https:\/\/tvs.digitalvision.lu\/fr\/#website\"},\"datePublished\":\"2025-04-15T12:41:12+00:00\",\"breadcrumb\":{\"@id\":\"https:\/\/tvs.digitalvision.lu\/fr\/mentions-legales\/#breadcrumb\"},\"inLanguage\":\"fr-FR\",\"potentialAction\":[{\"@type\":\"ReadAction\",\"target\":[\"https:\/\/tvs.digitalvision.lu\/fr\/mentions-legales\/\"]}]},{\"@type\":\"BreadcrumbList\",\"@id\":\"https:\/\/tvs.digitalvision.lu\/fr\/mentions-legales\/#breadcrumb\",\"itemListElement\":[{\"@type\":\"ListItem\",\"position\":1,\"name\":\"Home\",\"item\":\"https:\/\/tvs.digitalvision.lu\/fr\/\"},{\"@type\":\"ListItem\",\"position\":2,\"name\":\"Mentions l\u00e9gales\"}]},{\"@type\":\"WebSite\",\"@id\":\"https:\/\/tvs.digitalvision.lu\/fr\/#website\",\"url\":\"https:\/\/tvs.digitalvision.lu\/fr\/\",\"name\":\"T\u00e9i Vum S\u00e9i\",\"description\":\"\",\"potentialAction\":[{\"@type\":\"SearchAction\",\"target\":{\"@type\":\"EntryPoint\",\"urlTemplate\":\"https:\/\/tvs.digitalvision.lu\/fr\/?s={search_term_string}\"},\"query-input\":{\"@type\":\"PropertyValueSpecification\",\"valueRequired\":true,\"valueName\":\"search_term_string\"}}],\"inLanguage\":\"fr-FR\"}]}<\/script>\n<!-- \/ Yoast SEO plugin. -->","yoast_head_json":{"title":"Mentions l\u00e9gales - T\u00e9i Vum S\u00e9i","robots":{"index":"index","follow":"follow","max-snippet":"max-snippet:-1","max-image-preview":"max-image-preview:large","max-video-preview":"max-video-preview:-1"},"canonical":"https:\/\/tvs.digitalvision.lu\/fr\/mentions-legales\/","og_locale":"fr_FR","og_type":"article","og_title":"Mentions l\u00e9gales - T\u00e9i Vum S\u00e9i","og_description":"EDITEUR RESPONSABLE Kraidergenossenschaft Naturpark Uewersauer Association agricole 35, Duerfstrooss |\u00a0L-9696 Winseler T\u00e9l.\u00a0+352 26 95 30 72 Fax\u00a0+352 26 95 30 76 info@teivumsei.lu COPYRIGHT \u00a9 2015 T\u00e9i vum S\u00e9i &amp; SAN\u00a0\u2013 Creative Studio \/\u00a0Sandro Dimola, tous droits r\u00e9serv\u00e9s. Photos &amp; illustrations: \u00a9 \u200bT\u00e9i vum S\u00e9i &amp; SAN\u00a0\u2013 Creative Studio \/\u00a0Sandro Dimola. L&rsquo;ensemble de ce site est [&hellip;]","og_url":"https:\/\/tvs.digitalvision.lu\/fr\/mentions-legales\/","og_site_name":"T\u00e9i Vum S\u00e9i","twitter_card":"summary_large_image","twitter_misc":{"Dur\u00e9e de lecture estim\u00e9e":"3 minutes"},"schema":{"@context":"https:\/\/schema.org","@graph":[{"@type":"WebPage","@id":"https:\/\/tvs.digitalvision.lu\/fr\/mentions-legales\/","url":"https:\/\/tvs.digitalvision.lu\/fr\/mentions-legales\/","name":"Mentions l\u00e9gales - T\u00e9i Vum S\u00e9i","isPartOf":{"@id":"https:\/\/tvs.digitalvision.lu\/fr\/#website"},"datePublished":"2025-04-15T12:41:12+00:00","breadcrumb":{"@id":"https:\/\/tvs.digitalvision.lu\/fr\/mentions-legales\/#breadcrumb"},"inLanguage":"fr-FR","potentialAction":[{"@type":"ReadAction","target":["https:\/\/tvs.digitalvision.lu\/fr\/mentions-legales\/"]}]},{"@type":"BreadcrumbList","@id":"https:\/\/tvs.digitalvision.lu\/fr\/mentions-legales\/#breadcrumb","itemListElement":[{"@type":"ListItem","position":1,"name":"Home","item":"https:\/\/tvs.digitalvision.lu\/fr\/"},{"@type":"ListItem","position":2,"name":"Mentions l\u00e9gales"}]},{"@type":"WebSite","@id":"https:\/\/tvs.digitalvision.lu\/fr\/#website","url":"https:\/\/tvs.digitalvision.lu\/fr\/","name":"T\u00e9i Vum S\u00e9i","description":"","potentialAction":[{"@type":"SearchAction","target":{"@type":"EntryPoint","urlTemplate":"https:\/\/tvs.digitalvision.lu\/fr\/?s={search_term_string}"},"query-input":{"@type":"PropertyValueSpecification","valueRequired":true,"valueName":"search_term_string"}}],"inLanguage":"fr-FR"}]}},"_links":{"self":[{"href":"https:\/\/tvs.digitalvision.lu\/fr\/wp-json\/wp\/v2\/pages\/84","targetHints":{"allow":["GET"]}}],"collection":[{"href":"https:\/\/tvs.digitalvision.lu\/fr\/wp-json\/wp\/v2\/pages"}],"about":[{"href":"https:\/\/tvs.digitalvision.lu\/fr\/wp-json\/wp\/v2\/types\/page"}],"author":[{"embeddable":true,"href":"https:\/\/tvs.digitalvision.lu\/fr\/wp-json\/wp\/v2\/users\/1"}],"replies":[{"embeddable":true,"href":"https:\/\/tvs.digitalvision.lu\/fr\/wp-json\/wp\/v2\/comments?post=84"}],"version-history":[{"count":1,"href":"https:\/\/tvs.digitalvision.lu\/fr\/wp-json\/wp\/v2\/pages\/84\/revisions"}],"predecessor-version":[{"id":85,"href":"https:\/\/tvs.digitalvision.lu\/fr\/wp-json\/wp\/v2\/pages\/84\/revisions\/85"}],"wp:attachment":[{"href":"https:\/\/tvs.digitalvision.lu\/fr\/wp-json\/wp\/v2\/media?parent=84"}],"curies":[{"name":"wp","href":"https:\/\/api.w.org\/{rel}","templated":true}]}}